{"id":1213,"date":"2021-02-26T15:50:10","date_gmt":"2021-02-26T15:50:10","guid":{"rendered":"https:\/\/waanders-garten.de\/?page_id=1213"},"modified":"2022-10-17T10:33:56","modified_gmt":"2022-10-17T10:33:56","slug":"impressum","status":"publish","type":"page","link":"https:\/\/waanders-garten.de\/index.php\/impressum\/","title":{"rendered":"Impressum"},"content":{"rendered":"<div data-colibri-id=\"1213-c1\" class=\"style-531 style-local-1213-c1 position-relative\">\n  <!---->\n  <div data-colibri-component=\"section\" data-colibri-id=\"1213-c2\" id=\"custom-3\" class=\"h-section h-section-global-spacing d-flex align-items-lg-center align-items-md-center align-items-center style-536 style-local-1213-c2 position-relative\">\n    <!---->\n    <!---->\n    <div class=\"h-section-grid-container h-section-boxed-container\">\n      <!---->\n      <div data-colibri-id=\"1213-c3\" class=\"h-row-container gutters-row-lg-2 gutters-row-md-2 gutters-row-0 gutters-row-v-lg-2 gutters-row-v-md-2 gutters-row-v-2 style-537 style-local-1213-c3 position-relative\">\n        <!---->\n        <div class=\"h-row justify-content-lg-center justify-content-md-center justify-content-center align-items-lg-stretch align-items-md-stretch align-items-stretch gutters-col-lg-2 gutters-col-md-2 gutters-col-0 gutters-col-v-lg-2 gutters-col-v-md-2 gutters-col-v-2\">\n          <!---->\n          <div class=\"h-column h-column-container d-flex h-col-lg-auto h-col-md-auto h-col-auto style-538-outer style-local-1213-c4-outer\">\n            <div data-colibri-id=\"1213-c4\" class=\"d-flex h-flex-basis h-column__inner h-px-lg-2 h-px-md-2 h-px-2 v-inner-lg-2 v-inner-md-2 v-inner-2 style-538 style-local-1213-c4 position-relative\">\n              <!---->\n              <!---->\n              <div class=\"w-100 h-y-container h-column__content h-column__v-align flex-basis-100 align-self-lg-start align-self-md-start align-self-start\">\n                <!---->\n                <div data-colibri-id=\"1213-c5\" class=\"h-text h-text-component style-575 style-local-1213-c5 position-relative h-element\">\n                  <!---->\n                  <!---->\n                  <div class=\"\">\n                    <h2><strong style=\"font-weight: 300; font-family: &quot;Open Sans&quot;;\">Impressum &amp; Disclaimer<\/strong><\/h2>\n                    <p><span style=\"font-weight: 300; color: rgb(6, 6, 6); font-size: 16pt;\">Verantwortlich im Sinne des Telemediengesetzes:<\/span><\/p>\n                    <p><strong style=\"font-weight: 300; color: rgb(6, 6, 6); font-size: 16pt;\">WAANDERS Garten GmbH<\/strong><span style=\"font-weight: 300; color: rgb(6, 6, 6); font-size: 16pt;\">Meisterbetriebg\u00e4rten. Naturpools<\/span><\/p>\n                    <p><span style=\"font-weight: 300; color: rgb(6, 6, 6); font-size: 16pt;\">Wikingerstr. 48, 51107&nbsp;<\/span><strong style=\"font-weight: 300; color: rgb(6, 6, 6); font-size: 16pt;\">K\u00f6ln<\/strong><\/p>\n                    <p><span style=\"font-weight: 300; color: rgb(6, 6, 6); font-size: 16pt;\">Gesch\u00e4ftsf\u00fchrer: Matthias WaandersFon 0221 \/ 86 62 97Fax 0221 \/ 86 49 49<\/span><\/p>\n                    <p><span style=\"font-weight: 300; color: rgb(6, 6, 6); font-size: 16pt;\">Matthias Waanders Mobil 0170 \/ 7302 551<\/span><\/p>\n                    <p>Mail:&nbsp;\n                      <a href=\"mailto:info@waanders-garten.de\" style=\"color: rgb(6, 6, 6); font-size: 14.14px; font-weight: 300; font-family: &quot;Open Sans&quot;;\">info[at]waanders-garten.de<\/a>\n                      <a href=\"https:\/\/waanders-garten.de\" style=\"color: rgb(6, 6, 6); font-size: 14.14px; font-weight: 300; font-family: &quot;Open Sans&quot;;\">\n                        <br>\n                      <\/a><span style=\"color: rgb(6, 6, 6); font-size: 14.14px; font-weight: 300; font-family: &quot;Open Sans&quot;;\">Web:<\/span>\n                      <a href=\"https:\/\/waanders-garten.de\" style=\"color: rgb(6, 6, 6); font-size: 14.14px; font-weight: 300; font-family: &quot;Open Sans&quot;;\">\n                      waanders-garten.de<\/a>\n                    <\/p>\n                    <p><span style=\"font-weight: 300; color: rgb(6, 6, 6); font-size: 16pt;\">Umsatzsteuer-Identifikationsnummer: DE292506943<\/span><\/p>\n                    <p><span style=\"font-weight: 300; color: rgb(6, 6, 6); font-size: 16pt;\">Technische Realisation und HostingHERMIT Media K\u00f6lnFon 0221 \/ 4230 3250<\/span>\n                      <a href=\"mailto:info@hermit-media.de\" style=\"font-weight: 300; color: rgb(6, 6, 6); font-size: 14.14px; font-family: &quot;Open Sans&quot;;\">info@hermit-media.de<\/a>\n                    <\/p>\n                    <p><span style=\"font-weight: 300; color: rgb(6, 6, 6); font-size: 14.14px;\">Bildmaterial: Adobe iStock, GettyImages, HERMIT Media<\/span><\/p>\n                    <p><strong style=\"font-weight: 300; color: rgb(6, 6, 6); font-size: 16pt;\">1. Haftungsbeschr\u00e4nkung<\/strong><span style=\"font-weight: 300; color: rgb(6, 6, 6); font-size: 16pt;\">Die Inhalte dieser Website werden mit gr\u00f6\u00dftm\u00f6glicher Sorgfalt erstellt. Der Anbieter \u00fcbernimmt jedoch keine Gew\u00e4hr f\u00fcr die Richtigkeit, Vollst\u00e4ndigkeit und Aktualit\u00e4t der bereitgestellten Inhalte. Die Nutzung der Inhalte der Website erfolgt auf eigene Gefahr des Nutzers. Namentlich gekennzeichnete Beitr\u00e4ge geben die Meinung des jeweiligen Autors und nicht immer die Meinung des Anbieters wieder. Mit der reinen Nutzung der Website des Anbieters kommt keinerlei Vertragsverh\u00e4ltnis zwischen dem Nutzer und dem Anbieter zustande.<\/span><\/p>\n                    <p><strong style=\"font-weight: 300; color: rgb(6, 6, 6); font-size: 16pt;\">2. Externe Links<\/strong><span style=\"font-weight: 300; color: rgb(6, 6, 6); font-size: 16pt;\">Diese Website enth\u00e4lt Verkn\u00fcpfungen zu Websites Dritter (\u201eexterne Links\u201c). Diese Websites unterliegen der Haftung der jeweiligen Betreiber. Der Anbieter hat bei der erstmaligen Verkn\u00fcpfung der externen Links die fremden Inhalte daraufhin \u00fcberpr\u00fcft, ob etwaige Rechtsverst\u00f6\u00dfe bestehen. Zu dem Zeitpunkt waren keine Rechtsverst\u00f6\u00dfe ersichtlich. Der Anbieter hat keinerlei Einfluss auf die aktuelle und zuk\u00fcnftige Gestaltung und auf die Inhalte der verkn\u00fcpften Seiten. Das Setzen von externen Links bedeutet nicht, dass sich der Anbieter die hinter dem Verweis oder Link liegenden Inhalte zu Eigen macht. Eine st\u00e4ndige Kontrolle dieser externen Links ist f\u00fcr den Anbieter ohne konkrete Hinweise auf Rechtsverst\u00f6\u00dfe nicht zumutbar. Bei Kenntnis von Rechtsverst\u00f6\u00dfen werden jedoch derartige externe Links unverz\u00fcglich gel\u00f6scht.<\/span><\/p>\n                    <p><strong style=\"font-weight: 300; color: rgb(6, 6, 6); font-size: 16pt;\">3. Urheber- und Leistungsschutzrechte<\/strong><span style=\"font-weight: 300; color: rgb(6, 6, 6); font-size: 16pt;\">Die auf dieser Website ver\u00f6ffentlichten Inhalte unterliegen dem deutschen Urheber- und Leistungsschutzrecht. Jede vom deutschen Urheber- und Leistungsschutzrecht nicht zugelassene Verwertung bedarf der vorherigen schriftlichen Zustimmung des Anbieters oder jeweiligen Rechteinhabers. Dies gilt insbesondere f\u00fcr Vervielf\u00e4ltigung, Bearbeitung, \u00dcbersetzung, Einspeicherung, Verarbeitung bzw. Wiedergabe von Inhalten in Datenbanken oder anderen elektronischen Medien und Systemen. Inhalte und Rechte Dritter sind dabei als solche gekennzeichnet. Die unerlaubte Vervielf\u00e4ltigung oder Weitergabe einzelner Inhalte oder kompletter Seiten ist nicht gestattet und strafbar. Lediglich die Herstellung von Kopien und Downloads f\u00fcr den pers\u00f6nlichen, privaten und nicht kommerziellen Gebrauch ist erlaubt. Die Darstellung dieser Website in fremden Frames ist nur mit schriftlicher Erlaubnis zul\u00e4ssig.<\/span><\/p>\n                    <p><strong style=\"font-weight: 300; color: rgb(6, 6, 6); font-size: 16pt;\">4. Datenschutz<\/strong><span style=\"font-weight: 300; color: rgb(6, 6, 6); font-size: 16pt;\">Durch den Besuch der Website des Anbieters k\u00f6nnen Informationen \u00fcber den Zugriff (Datum, Uhrzeit, betrachtete Seite) gespeichert werden. Diese Daten geh\u00f6ren nicht zu den personenbezogenen Daten, sondern sind anonymisiert. Sie werden ausschlie\u00dflich zu statistischen Zwecken ausgewertet. Eine Weitergabe an Dritte, zu kommerziellen oder nichtkommerziellen Zwecken, findet nicht statt. Der Anbieter weist ausdr\u00fccklich darauf hin, dass die Daten\u00fcbertragung im Internet (z.B. bei der Kommunikation per E-Mail) Sicherheitsl\u00fccken aufweisen und nicht l\u00fcckenlos vor dem Zugriff durch Dritte gesch\u00fctzt werden kann. Die Verwendung der Kontaktdaten des Impressums zur gewerblichen Werbung ist ausdr\u00fccklich nicht erw\u00fcnscht, es sei denn der Anbieter hatte zuvor seine schriftliche Einwilligung erteilt oder es besteht bereits eine Gesch\u00e4ftsbeziehung. Der Anbieter und alle auf dieser Website genannten Personen widersprechen hiermit jeder kommerziellen Verwendung und Weitergabe ihrer Daten.<\/span><\/p>\n                    <p><strong style=\"font-weight: 300; color: rgb(6, 6, 6); font-size: 16pt;\">5. Besondere Nutzungsbedingungen<\/strong><span style=\"font-weight: 300; color: rgb(6, 6, 6); font-size: 16pt;\">Soweit besondere Bedingungen f\u00fcr einzelne Nutzungen dieser Website von den vorgenannten Nummern 1. bis 4. abweichen, wird an entsprechender Stelle ausdr\u00fccklich darauf hingewiesen. In diesem Falle gelten im jeweiligen Einzelfall die besonderen Nutzungsbedingungen.<\/span><\/p>\n                    <p><span style=\"font-weight: 300; color: rgb(6, 6, 6); font-size: 16pt;\">Quelle: Disclaimer von Juraforum.de und Experten-branchenbuch.de<\/span><\/p>\n                    <p>\n                      <br>\n                    <\/p>\n                  <\/div>\n                <\/div>\n              <\/div>\n            <\/div>\n          <\/div>\n        <\/div>\n      <\/div>\n    <\/div>\n  <\/div>\n<\/div>","protected":false},"excerpt":{"rendered":"<p>Impressum &amp; Disclaimer Verantwortlich im Sinne des Telemediengesetzes: WAANDERS Garten GmbHMeisterbetriebg\u00e4rten. Naturpools Wikingerstr. 48, 51107&nbsp;K\u00f6ln Gesch\u00e4ftsf\u00fchrer: Matthias WaandersFon 0221 \/ 86 62 97Fax 0221 \/ 86 49 49 Matthias Waanders Mobil 0170 \/ 7302 551 Mail:&nbsp; info[at]waanders-garten.de Web: waanders-garten.de Umsatzsteuer-Identifikationsnummer: DE292506943 Technische Realisation und HostingHERMIT Media K\u00f6lnFon 0221 \/ 4230 3250 info@hermit-media.de Bildmaterial: Adobe iStock, [&hellip;]<\/p>\n","protected":false},"author":1,"featured_media":0,"parent":0,"menu_order":0,"comment_status":"closed","ping_status":"closed","template":"page-templates\/full-width-page.php","meta":{"footnotes":""},"class_list":["post-1213","page","type-page","status-publish","hentry"],"_links":{"self":[{"href":"https:\/\/waanders-garten.de\/index.php\/wp-json\/wp\/v2\/pages\/1213","targetHints":{"allow":["GET"]}}],"collection":[{"href":"https:\/\/waanders-garten.de\/index.php\/wp-json\/wp\/v2\/pages"}],"about":[{"href":"https:\/\/waanders-garten.de\/index.php\/wp-json\/wp\/v2\/types\/page"}],"author":[{"embeddable":true,"href":"https:\/\/waanders-garten.de\/index.php\/wp-json\/wp\/v2\/users\/1"}],"replies":[{"embeddable":true,"href":"https:\/\/waanders-garten.de\/index.php\/wp-json\/wp\/v2\/comments?post=1213"}],"version-history":[{"count":7,"href":"https:\/\/waanders-garten.de\/index.php\/wp-json\/wp\/v2\/pages\/1213\/revisions"}],"predecessor-version":[{"id":2237,"href":"https:\/\/waanders-garten.de\/index.php\/wp-json\/wp\/v2\/pages\/1213\/revisions\/2237"}],"wp:attachment":[{"href":"https:\/\/waanders-garten.de\/index.php\/wp-json\/wp\/v2\/media?parent=1213"}],"curies":[{"name":"wp","href":"https:\/\/api.w.org\/{rel}","templated":true}]}}