{"id":1307,"date":"2021-03-02T12:26:42","date_gmt":"2021-03-02T12:26:42","guid":{"rendered":"https:\/\/waanders-garten.de\/?page_id=1307"},"modified":"2022-10-17T10:22:28","modified_gmt":"2022-10-17T10:22:28","slug":"kontakt","status":"publish","type":"page","link":"https:\/\/waanders-garten.de\/index.php\/kontakt\/","title":{"rendered":"Kontakt"},"content":{"rendered":"<div data-colibri-id=\"1307-c1\" class=\"style-543 style-local-1307-c1 position-relative\">\r\n  <!---->\r\n  <div data-colibri-component=\"section\" data-colibri-id=\"1307-c2\" id=\"custom\" class=\"h-section h-section-global-spacing d-flex align-items-lg-center align-items-md-center align-items-center style-544 style-local-1307-c2 position-relative\">\r\n    <!---->\r\n    <!---->\r\n    <div class=\"h-section-grid-container h-section-boxed-container\">\r\n      <!---->\r\n      <div data-colibri-id=\"1307-c3\" class=\"h-row-container gutters-row-lg-3 gutters-row-md-3 gutters-row-0 gutters-row-v-lg-3 gutters-row-v-md-3 gutters-row-v-3 style-545 style-local-1307-c3 position-relative\">\r\n        <!---->\r\n        <div class=\"h-row justify-content-lg-center justify-content-md-center justify-content-center align-items-lg-center align-items-md-center align-items-center gutters-col-lg-3 gutters-col-md-3 gutters-col-0 gutters-col-v-lg-3 gutters-col-v-md-3 gutters-col-v-3\">\r\n          <!---->\r\n          <div class=\"h-column h-column-container d-flex h-col-lg-12 h-col-md-12 h-col-12 align-self-lg-center align-self-md-center align-self-center style-546-outer style-local-1307-c4-outer\">\r\n            <div data-colibri-id=\"1307-c4\" class=\"d-flex h-flex-basis h-column__inner h-px-lg-2 h-px-md-2 h-px-2 v-inner-lg-2 v-inner-md-2 v-inner-2 style-546 style-local-1307-c4 position-relative\">\r\n              <!---->\r\n              <!---->\r\n              <div class=\"w-100 h-y-container h-column__content h-column__v-align flex-basis-100 align-self-lg-start align-self-md-start align-self-start\">\r\n                <!---->\r\n                <div data-colibri-id=\"1307-c5\" class=\"style-547 style-local-1307-c5 position-relative h-element\">\r\n                  <!---->\r\n                  <div class=\"\"><div id=\"metaslider-id-1000\" style=\"width: 100%;\" class=\"ml-slider-3-107-0 ml-slider-pro-2-18-2 metaslider metaslider-flex metaslider-1000 ml-slider .metaslider effect2 ms-theme-_theme_1613732620 nav-hidden\" role=\"region\" aria-label=\"Kontakt\" data-height=\"470\" data-width=\"1187\">\n    <div id=\"metaslider_container_1000\">\n        <div id=\"metaslider_1000\">\n            <ul class='slides'>\n                <li style=\"display: block; width: 100%;\" class=\"slide-1001 ms-image \" aria-roledescription=\"slide\" data-date=\"2021-02-25 11:33:48\" data-filename=\"gemeinsam-startbild-1187x470.jpg\" data-slide-type=\"image\"><img loading=\"lazy\" decoding=\"async\" src=\"https:\/\/waanders-garten.de\/wp-content\/uploads\/2021\/02\/gemeinsam-startbild-1187x470.jpg\" height=\"470\" width=\"1187\" alt=\"\" class=\"slider-1000 slide-1001 msDefaultImage\" title=\"gemeinsam-startbild\" \/><div class=\"caption-wrap\"><div class=\"caption\">G E M E I N S A M<\/div><\/div><\/li>\n            <\/ul>\n        <\/div>\n        \n    <\/div>\n<\/div><\/div>\r\n                <\/div>\r\n              <\/div>\r\n            <\/div>\r\n          <\/div>\r\n        <\/div>\r\n      <\/div>\r\n    <\/div>\r\n  <\/div>\r\n  <div data-colibri-component=\"section\" data-colibri-id=\"1307-c6\" id=\"custom-2\" class=\"h-section h-section-global-spacing d-flex align-items-lg-center align-items-md-center align-items-center style-548 style-local-1307-c6 position-relative\">\r\n    <!---->\r\n    <!---->\r\n    <div class=\"h-section-grid-container h-section-boxed-container\">\r\n      <!---->\r\n      <div data-colibri-id=\"1307-c7\" class=\"h-row-container gutters-row-lg-2 gutters-row-md-2 gutters-row-0 gutters-row-v-lg-2 gutters-row-v-md-2 gutters-row-v-2 style-549 style-local-1307-c7 position-relative\">\r\n        <!---->\r\n        <div class=\"h-row justify-content-lg-center justify-content-md-center justify-content-center align-items-lg-stretch align-items-md-stretch align-items-stretch gutters-col-lg-2 gutters-col-md-2 gutters-col-0 gutters-col-v-lg-2 gutters-col-v-md-2 gutters-col-v-2\">\r\n          <!---->\r\n          <div class=\"h-column h-column-container d-flex h-col-lg-12 h-col-md-12 h-col-12 style-550-outer style-local-1307-c8-outer\">\r\n            <div data-colibri-id=\"1307-c8\" class=\"d-flex h-flex-basis h-column__inner h-px-lg-2 h-px-md-2 h-px-2 v-inner-lg-2 v-inner-md-2 v-inner-2 style-550 style-local-1307-c8 position-relative\">\r\n              <!---->\r\n              <!---->\r\n              <div class=\"w-100 h-y-container h-column__content h-column__v-align flex-basis-100 align-self-lg-start align-self-md-start align-self-start\">\r\n                <!---->\r\n                <div data-colibri-id=\"1307-c9\" class=\"h-text h-text-component style-551 style-local-1307-c9 position-relative h-element\">\r\n                  <!---->\r\n                  <!---->\r\n                  <div class=\"\">\r\n                    <h3><span style=\"font-weight: 300; font-size: 23pt; font-family: &quot;Open Sans&quot;; color: rgb(10, 10, 10);\">Wir freuen uns Auf Dich!&nbsp;<br>Rufe an&nbsp;<\/span><span style=\"font-weight: 300; font-size: 30.24px; font-family: &quot;Open Sans&quot;; color: rgb(13, 63, 85);\">0221-86 62 97<\/span>\r\n                      <span\r\n                        style=\"font-weight: 300; font-size: 18pt; font-family: &quot;Open Sans&quot;; color: rgb(10, 10, 10);\">&nbsp;<\/span><span style=\"font-weight: 300; font-size: 23pt; font-family: &quot;Open Sans&quot;; color: rgb(10, 10, 10);\">oder schreibe uns.<\/span><\/h3>\r\n                    <h3><span style=\"font-weight: 300; font-size: 18pt; font-family: &quot;Open Sans&quot;; color: black;\">Du m\u00f6chtest Dich beraten lassen oder ben\u00f6tigst unsere konkrete Unterst\u00fctzung?&nbsp;F\u00fclle bitte die mit Sternchen * gekennzeichneten Felder aus und sende uns Deine Nachricht.<\/span><\/h3>\r\n                    <p>\r\n                      <br>\r\n                    <\/p>\r\n                  <\/div>\r\n                <\/div>\r\n              <\/div>\r\n            <\/div>\r\n          <\/div>\r\n        <\/div>\r\n      <\/div>\r\n    <\/div>\r\n  <\/div>\r\n  <div data-colibri-component=\"section\" data-colibri-id=\"1307-c10\" id=\"custom-3\" class=\"h-section h-section-global-spacing d-flex align-items-lg-center align-items-md-center align-items-center style-561 style-local-1307-c10 position-relative\">\r\n    <!---->\r\n    <!---->\r\n    <div class=\"h-section-grid-container h-section-boxed-container\">\r\n      <!---->\r\n      <div data-colibri-id=\"1307-c11\" class=\"h-row-container gutters-row-lg-2 gutters-row-md-2 gutters-row-0 gutters-row-v-lg-2 gutters-row-v-md-2 gutters-row-v-2 style-562 style-local-1307-c11 position-relative\">\r\n        <!---->\r\n        <div class=\"h-row justify-content-lg-center justify-content-md-center justify-content-center align-items-lg-stretch align-items-md-stretch align-items-stretch gutters-col-lg-2 gutters-col-md-2 gutters-col-0 gutters-col-v-lg-2 gutters-col-v-md-2 gutters-col-v-2\">\r\n          <!---->\r\n          <div class=\"h-column h-column-container d-flex h-col-lg-auto h-col-md-auto h-col-auto style-563-outer style-local-1307-c12-outer\">\r\n            <div data-colibri-id=\"1307-c12\" class=\"d-flex h-flex-basis h-column__inner h-px-lg-2 h-px-md-2 h-px-2 v-inner-lg-2 v-inner-md-2 v-inner-2 style-563 style-local-1307-c12 position-relative\">\r\n              <!---->\r\n              <!---->\r\n              <div class=\"w-100 h-y-container h-column__content h-column__v-align flex-basis-100 align-self-lg-start align-self-md-start align-self-start\">\r\n                <!---->\r\n                <div data-colibri-id=\"1307-c13\" class=\"style-567 style-local-1307-c13 position-relative h-element\">\r\n                  <!---->\r\n                  <div class=\"h-global-transition-all h-global-transition h-global-transition-all h-contact-form-shortcode\">\n<div class=\"wpcf7 no-js\" id=\"wpcf7-f5-o1\" lang=\"en-US\" dir=\"ltr\" data-wpcf7-id=\"5\">\n<div class=\"screen-reader-response\"><p role=\"status\" aria-live=\"polite\" aria-atomic=\"true\"><\/p> <ul><\/ul><\/div>\n<form action=\"\/index.php\/wp-json\/wp\/v2\/pages\/1307#wpcf7-f5-o1\" method=\"post\" class=\"wpcf7-form init\" aria-label=\"Contact form\" novalidate=\"novalidate\" data-status=\"init\">\n<fieldset class=\"hidden-fields-container\"><input type=\"hidden\" name=\"_wpcf7\" value=\"5\" \/><input type=\"hidden\" name=\"_wpcf7_version\" value=\"6.1.5\" \/><input type=\"hidden\" name=\"_wpcf7_locale\" value=\"en_US\" \/><input type=\"hidden\" name=\"_wpcf7_unit_tag\" value=\"wpcf7-f5-o1\" \/><input type=\"hidden\" name=\"_wpcf7_container_post\" value=\"0\" \/><input type=\"hidden\" name=\"_wpcf7_posted_data_hash\" value=\"\" \/><input type=\"hidden\" name=\"_wpcf7_recaptcha_response\" value=\"\" \/>\n<\/fieldset>\n<style> .flexbox { \ndisplay: flex; flex-wrap: wrap; width: 60% ; } \n.fb { padding:5px; margin-right: 5px}\n\n@media (max-width: 480px) {\n .flexbox { max-width: 80%; display: flex; flex-wrap: wrap; font-size:11pt; }\n .fb { font-size:11pt; padding:5px; margin-right: 5px}\n}\n@media (max-width: 640px) {\n .flexbox { max-width: 80% }\n .fb { padding:5px; margin-right: 5px; font-size:11pt;}\n}\n<\/style>\n<div class=\"flexbox\">\n\t<div class=\"fb\">\n\t\t<p>Vorname*\n\t\t<\/p>\n\t<\/div>\n\t<div class=\"fb\">\n\t\t<p><span class=\"wpcf7-form-control-wrap\" data-name=\"Vorname\"><input size=\"40\" maxlength=\"400\" class=\"wpcf7-form-control wpcf7-text wpcf7-validates-as-required\" aria-required=\"true\" aria-invalid=\"false\" value=\"\" type=\"text\" name=\"Vorname\" \/><\/span>\n\t\t<\/p>\n\t<\/div>\n<\/div>\n<div class=\"flexbox\">\n\t<div class=\"fb\">\n\t\t<p>Nachname*\n\t\t<\/p>\n\t<\/div>\n\t<div class=\"fb\">\n\t\t<p><span class=\"wpcf7-form-control-wrap\" data-name=\"Nachname\"><input size=\"40\" maxlength=\"400\" class=\"wpcf7-form-control wpcf7-text wpcf7-validates-as-required\" aria-required=\"true\" aria-invalid=\"false\" value=\"\" type=\"text\" name=\"Nachname\" \/><\/span>\n\t\t<\/p>\n\t<\/div>\n<\/div>\n<div class=\"flexbox\">\n\t<div class=\"fb\">\n\t\t<p>Stra\u00dfe\n\t\t<\/p>\n\t<\/div>\n\t<div class=\"fb\">\n\t\t<p><span class=\"wpcf7-form-control-wrap\" data-name=\"Strasse\"><input size=\"40\" maxlength=\"400\" class=\"wpcf7-form-control wpcf7-text\" aria-invalid=\"false\" value=\"\" type=\"text\" name=\"Strasse\" \/><\/span>\n\t\t<\/p>\n\t<\/div>\n<\/div>\n<div class=\"flexbox\">\n\t<div class=\"fb\">\n\t\t<p>PLZ\n\t\t<\/p>\n\t<\/div>\n\t<div class=\"fb\">\n\t\t<p><span class=\"wpcf7-form-control-wrap\" data-name=\"Plz\"><input size=\"40\" maxlength=\"400\" class=\"wpcf7-form-control wpcf7-text\" aria-invalid=\"false\" value=\"\" type=\"text\" name=\"Plz\" \/><\/span>\n\t\t<\/p>\n\t<\/div>\n<\/div>\n<div class=\"flexbox\">\n\t<div class=\"fb\">\n\t\t<p>Ort\n\t\t<\/p>\n\t<\/div>\n\t<div class=\"fb\">\n\t\t<p><span class=\"wpcf7-form-control-wrap\" data-name=\"Ort\"><input size=\"40\" maxlength=\"400\" class=\"wpcf7-form-control wpcf7-text\" aria-invalid=\"false\" value=\"\" type=\"text\" name=\"Ort\" \/><\/span>\n\t\t<\/p>\n\t<\/div>\n<\/div>\n<div class=\"flexbox\">\n\t<div class=\"fb\">\n\t\t<p>Telefon*\n\t\t<\/p>\n\t<\/div>\n\t<div class=\"fb\">\n\t\t<p><span class=\"wpcf7-form-control-wrap\" data-name=\"Telefon\"><input size=\"40\" maxlength=\"400\" class=\"wpcf7-form-control wpcf7-tel wpcf7-validates-as-required wpcf7-text wpcf7-validates-as-tel\" aria-required=\"true\" aria-invalid=\"false\" value=\"\" type=\"tel\" name=\"Telefon\" \/><\/span>\n\t\t<\/p>\n\t<\/div>\n<\/div>\n<div class=\"flexbox\">\n\t<div class=\"fb\">\n\t\t<p>E-Mail*\n\t\t<\/p>\n\t<\/div>\n\t<div class=\"fb\">\n\t\t<p><span class=\"wpcf7-form-control-wrap\" data-name=\"your-email\"><input size=\"40\" maxlength=\"400\" class=\"wpcf7-form-control wpcf7-email wpcf7-validates-as-required wpcf7-text wpcf7-validates-as-email\" aria-required=\"true\" aria-invalid=\"false\" value=\"\" type=\"email\" name=\"your-email\" \/><\/span>\n\t\t<\/p>\n\t<\/div>\n<\/div>\n<div class=\"flexbox\">\n\t<div class=\"fb\">\n\t\t<p>Betreff\n\t\t<\/p>\n\t<\/div>\n\t<div class=\"fb\">\n\t\t<p><span class=\"wpcf7-form-control-wrap\" data-name=\"your-subject\"><input size=\"40\" maxlength=\"400\" class=\"wpcf7-form-control wpcf7-text wpcf7-validates-as-required\" aria-required=\"true\" aria-invalid=\"false\" value=\"\" type=\"text\" name=\"your-subject\" \/><\/span>\n\t\t<\/p>\n\t<\/div>\n<\/div>\n<div class=\"flexbox\">\n\t<div class=\"fb\">\n\t\t<p>Deine Nachricht*\n\t\t<\/p>\n\t<\/div>\n\t<div class=\"fb\">\n\t\t<p><span class=\"wpcf7-form-control-wrap\" data-name=\"Nachricht\"><textarea cols=\"40\" rows=\"10\" maxlength=\"2000\" class=\"wpcf7-form-control wpcf7-textarea wpcf7-validates-as-required\" aria-required=\"true\" aria-invalid=\"false\" name=\"Nachricht\"><\/textarea><\/span>\n\t\t<\/p>\n\t<\/div>\n<\/div>\n<div class=\"flexbox\">\n\t<div class=\"fb\">\n\t\t<p><input class=\"wpcf7-form-control wpcf7-submit has-spinner\" type=\"submit\" value=\"Jetzt absenden\" \/>\n\t\t<\/p>\n\t<\/div>\n\t<div class=\"fb\">\n\t\t<p>&nbsp;\n\t\t<\/p>\n\t<\/div>\n<\/div><div class=\"wpcf7-response-output\" aria-hidden=\"true\"><\/div>\n<\/form>\n<\/div>\n<\/div>\r\n                <\/div>\r\n              <\/div>\r\n            <\/div>\r\n          <\/div>\r\n        <\/div>\r\n      <\/div>\r\n    <\/div>\r\n  <\/div>\r\n<\/div>","protected":false},"excerpt":{"rendered":"<p>Wir freuen uns Auf Dich!&nbsp;Rufe an&nbsp;0221-86 62 97 &nbsp;oder schreibe uns. Du m\u00f6chtest Dich beraten lassen oder ben\u00f6tigst unsere konkrete Unterst\u00fctzung?&nbsp;F\u00fclle bitte die mit Sternchen * gekennzeichneten Felder aus und sende uns Deine Nachricht.<\/p>\n","protected":false},"author":1,"featured_media":0,"parent":0,"menu_order":0,"comment_status":"closed","ping_status":"closed","template":"page-templates\/full-width-page.php","meta":{"footnotes":""},"class_list":["post-1307","page","type-page","status-publish","hentry"],"_links":{"self":[{"href":"https:\/\/waanders-garten.de\/index.php\/wp-json\/wp\/v2\/pages\/1307","targetHints":{"allow":["GET"]}}],"collection":[{"href":"https:\/\/waanders-garten.de\/index.php\/wp-json\/wp\/v2\/pages"}],"about":[{"href":"https:\/\/waanders-garten.de\/index.php\/wp-json\/wp\/v2\/types\/page"}],"author":[{"embeddable":true,"href":"https:\/\/waanders-garten.de\/index.php\/wp-json\/wp\/v2\/users\/1"}],"replies":[{"embeddable":true,"href":"https:\/\/waanders-garten.de\/index.php\/wp-json\/wp\/v2\/comments?post=1307"}],"version-history":[{"count":18,"href":"https:\/\/waanders-garten.de\/index.php\/wp-json\/wp\/v2\/pages\/1307\/revisions"}],"predecessor-version":[{"id":2199,"href":"https:\/\/waanders-garten.de\/index.php\/wp-json\/wp\/v2\/pages\/1307\/revisions\/2199"}],"wp:attachment":[{"href":"https:\/\/waanders-garten.de\/index.php\/wp-json\/wp\/v2\/media?parent=1307"}],"curies":[{"name":"wp","href":"https:\/\/api.w.org\/{rel}","templated":true}]}}