{"id":1379,"date":"2021-03-02T13:41:09","date_gmt":"2021-03-02T13:41:09","guid":{"rendered":"https:\/\/waanders-garten.de\/?page_id=1379"},"modified":"2021-03-18T12:44:30","modified_gmt":"2021-03-18T12:44:30","slug":"datenschutz","status":"publish","type":"page","link":"https:\/\/waanders-garten.de\/index.php\/datenschutz\/","title":{"rendered":"Datenschutz"},"content":{"rendered":"<div data-colibri-id=\"1379-c1\" class=\"style-552 style-local-1379-c1 position-relative\">\n  <!---->\n  <div data-colibri-component=\"section\" data-colibri-id=\"1379-c2\" id=\"custom-2\" class=\"h-section h-section-global-spacing d-flex align-items-lg-center align-items-md-center align-items-center style-557 style-local-1379-c2 position-relative\">\n    <!---->\n    <!---->\n    <div class=\"h-section-grid-container h-section-boxed-container\">\n      <!---->\n      <div data-colibri-id=\"1379-c3\" class=\"h-row-container gutters-row-lg-2 gutters-row-md-2 gutters-row-0 gutters-row-v-lg-2 gutters-row-v-md-2 gutters-row-v-2 style-558 style-local-1379-c3 position-relative\">\n        <!---->\n        <div class=\"h-row justify-content-lg-center justify-content-md-center justify-content-center align-items-lg-stretch align-items-md-stretch align-items-stretch gutters-col-lg-2 gutters-col-md-2 gutters-col-0 gutters-col-v-lg-2 gutters-col-v-md-2 gutters-col-v-2\">\n          <!---->\n          <div class=\"h-column h-column-container d-flex h-col-lg-12 h-col-md-12 h-col-12 style-559-outer style-local-1379-c4-outer\">\n            <div data-colibri-id=\"1379-c4\" class=\"d-flex h-flex-basis h-column__inner h-px-lg-2 h-px-md-2 h-px-2 v-inner-lg-2 v-inner-md-2 v-inner-2 style-559 style-local-1379-c4 position-relative\">\n              <!---->\n              <!---->\n              <div class=\"w-100 h-y-container h-column__content h-column__v-align flex-basis-100 align-self-lg-start align-self-md-start align-self-start\">\n                <!---->\n                <div data-colibri-id=\"1379-c5\" class=\"h-text h-text-component style-560 style-local-1379-c5 position-relative h-element\">\n                  <!---->\n                  <!---->\n                  <div class=\"\">\n                    <h2><strong style=\"font-size: 98%; font-weight: 300;\"><br>Datenschutzerkl\u00e4rung<\/strong><\/h2>\n                    <p><span style=\"font-weight: 300; color: rgb(8, 8, 8);\">Verantwortliche Stelle im Sinne der Datenschutzgesetze, insbesondere der EU-Datenschutzgrundverordnung (DSGVO), ist:<\/span><\/p>\n                    <p><span style=\"font-weight: 300; color: rgb(8, 8, 8);\">Name des Unternehmens:<br>Waanders GmbH, Meisterbetrieb G\u00e4rten und Naturpools,<br>Wikingerstr. 48, 51107 K\u00f6ln<br>Fon 0221 \/ 86 62 97, Fax 0221 \/ 86 49 49<br>Matthias Waanders Mobil 0170 \/ 7302 551<br>info[at]waanders-garten.de, www.waanders-garten.de<\/span><\/p>\n                    <h2><strong style=\"font-size: 62%; font-weight: 300; font-family: &quot;Open Sans&quot;;\">Ihre Betroffenenrechte<\/strong><\/h2>\n                    <p><span style=\"font-weight: 300; color: rgb(9, 10, 10);\">Unter den angegebenen Kontaktdaten unseres Datenschutzbeauftragten k\u00f6nnen Sie jederzeit folgende Rechte aus\u00fcben:<\/span><\/p>\n                    <p><span style=\"font-weight: 300; color: rgb(9, 10, 10);\">Auskunft \u00fcber Ihre bei uns gespeicherten Daten und deren Verarbeitung, Berichtigung unrichtiger personenbezogener Daten, L\u00f6schung Ihrer bei uns gespeicherten Daten, Einschr\u00e4nkung der Datenverarbeitung, sofern wir Ihre Daten aufgrund gesetzlicher Pflichten noch nicht l\u00f6schen d\u00fcrfen, Widerspruch gegen die Verarbeitung Ihrer Daten bei uns und Daten\u00fcbertragbarkeit, sofern Sie in die Datenverarbeitung eingewilligt haben oder einen Vertrag mit uns abgeschlossen haben.<\/span><\/p>\n                    <p><span style=\"font-weight: 300; color: rgb(9, 10, 10);\">Sofern Sie uns eine Einwilligung erteilt haben, k\u00f6nnen Sie diese jederzeit mit Wirkung f\u00fcr die Zukunft widerrufen.<\/span><\/p>\n                    <p><span style=\"font-weight: 300; color: rgb(9, 10, 10);\">Sie k\u00f6nnen sich jederzeit mit einer Beschwerde an die f\u00fcr Sie zust\u00e4ndige Aufsichtsbeh\u00f6rde wenden. Ihre zust\u00e4ndige Aufsichtsbeh\u00f6rde richtet sich nach dem Land\/Bundesland Ihres Wohnsitzes, Ihrer Arbeit oder der mutma\u00dflichen Verletzung. Eine Liste der Aufsichtsbeh\u00f6rd<\/span>\n                      <span\n                        style=\"font-weight: 300;\">en&nbsp;<\/span><span style=\"font-weight: 300; color: rgb(12, 12, 12);\">(f\u00fcr den nicht\u00f6ffentlichen Bereich) mit Anschrift finden Sie unter:<\/span>&nbsp;\n                        <a href=\"https:\/\/www.bfdi.bund.de\/DE\/Infothek\/Anschriften_Links\/anschriften_links-node.html\" rel=\"noopener\" target=\"_blank\" style=\"font-family: &quot;Open Sans&quot;; font-weight: 300; font-size: 16.16px; color: rgb(41, 77, 111);\" class=\"customize-unpreviewable\">https:\/\/www.bfdi.bund.de\/DE\/Infothek\/Anschriften_Links\/anschriften_links-node.html<\/a><span style=\"font-weight: 300; font-size: 16.16px;\">.<\/span><\/p>\n                    <h2><strong style=\"font-size: 62%; font-weight: 300;\">Zwecke der Datenverarbeitung durch die&nbsp;verantwortliche Stelle und Dritte<\/strong><\/h2>\n                    <p><span style=\"font-weight: 300; color: rgb(6, 6, 6);\">Wir verarbeiten Ihre personenbezogenen Daten nur zu den in dieser Datenschutzerkl\u00e4rung genannten Zwecken. Eine \u00dcbermittlung Ihrer pers\u00f6nlichen Daten an Dritte zu anderen als den genannten Zwecken findet nicht statt. Wir geben Ihre pers\u00f6nlichen Daten nur an Dritte weiter, wenn:<\/span><\/p>\n                    <p><span style=\"font-weight: 300; color: rgb(6, 6, 6);\">Sie Ihre ausdr\u00fcckliche Einwilligung dazu erteilt haben, die Verarbeitung zur Abwicklung eines Vertrags mit Ihnen erforderlich ist, die Verarbeitung zur Erf\u00fcllung einer rechtlichen Verpflichtung erforderlich ist, die Verarbeitung zur Wahrung berechtigter Interessen erforderlich ist und kein Grund zur Annahme besteht, dass Sie ein \u00fcberwiegendes schutzw\u00fcrdiges Interesse an der Nichtweitergabe Ihrer Daten haben.<\/span><\/p>\n                    <h2><strong style=\"font-size: 62%; color: rgb(6, 6, 6); font-weight: 300;\">L\u00f6schung bzw. Sperrung der Daten<\/strong><\/h2>\n                    <p><span style=\"font-weight: 300; color: rgb(7, 7, 7);\">Wir halten uns an die Grunds\u00e4tze der Datenvermeidung und Datensparsamkeit. Wir speichern Ihre personenbezogenen Daten daher nur so lange, wie dies zur Erreichung der hier genannten Zwecke erforderlich ist oder wie es die vom Gesetzgeber vorgesehenen vielf\u00e4ltigen Speicherfristen vorsehen. Nach Fortfall des jeweiligen Zweckes bzw. Ablauf dieser Fristen werden die entsprechenden Daten routinem\u00e4\u00dfig und entsprechend den gesetzlichen Vorschriften gesperrt oder gel\u00f6scht.<\/span><\/p>\n                    <h2><strong style=\"font-size: 62%; font-family: &quot;Open Sans&quot;; color: rgb(6, 6, 6); font-weight: 300;\">Erfassung allgemeiner Informationen beim Besuch unserer Website<\/strong><\/h2>\n                    <p><span style=\"color: rgb(6, 6, 6); font-weight: 300;\">Wenn Sie auf unsere Website zugreifen, werden automatisch mittels eines Cookies Informationen allgemeiner Natur erfasst. Diese Informationen (Server-Logfiles) beinhalten etwa die Art des Webbrowsers, das verwendete Betriebssystem, den Domainnamen Ihres Internet-Service-Providers und \u00e4hnliches. Hierbei handelt es sich ausschlie\u00dflich um Informationen, welche keine R\u00fcckschl\u00fcsse auf Ihre Person zulassen.<\/span><\/p>\n                    <p><span style=\"color: rgb(6, 6, 6); font-weight: 300;\">Diese Informationen sind technisch notwendig, um von Ihnen angeforderte Inhalte von Webseiten korrekt auszuliefern und fallen bei Nutzung des Internets zwingend an. Sie werden insbesondere zu folgenden Zwecken verarbeitet:<\/span><\/p>\n                    <p><span style=\"color: rgb(6, 6, 6); font-weight: 300;\">Sicherstellung eines problemlosen Verbindungsaufbaus der Website, Sicherstellung einer reibungslosen Nutzung unserer Website, Auswertung der Systemsicherheit und -stabilit\u00e4t sowie zu weiteren administrativen Zwecken.<\/span><\/p>\n                    <p><span style=\"color: rgb(6, 6, 6); font-weight: 300;\">Die Verarbeitung Ihrer personenbezogenen Daten basiert auf unserem berechtigten Interesse aus den vorgenannten Zwecken zur Datenerhebung. Wir verwenden Ihre Daten nicht, um R\u00fcckschl\u00fcsse auf Ihre Person zu ziehen. Empf\u00e4nger der Daten sind nur die verantwortliche Stelle und ggf. Auftragsverarbeiter.<\/span><\/p>\n                    <p><span style=\"color: rgb(6, 6, 6); font-weight: 300;\">Anonyme Informationen dieser Art werden von uns ggfs. statistisch ausgewertet, um unseren Internetauftritt und die dahinterstehende Technik zu optimieren.<\/span><\/p>\n                    <h2><strong style=\"font-size: 62%; font-family: &quot;Open Sans&quot;; font-weight: 300; color: rgb(6, 6, 6);\">Verwendung von Googlemaps<\/strong><\/h2>\n                    <p><span style=\"color: rgb(6, 6, 6); font-weight: 300;\">Diese Webseite verwendet Google Maps API, um geographische Informationen visuell darzustellen. Bei der Nutzung von Google Maps werden von Google auch Daten \u00fcber die Nutzung der Kartenfunktionen durch Besucher erhoben, verarbeitet und genutzt. N\u00e4here Informationen \u00fcber die Datenverarbeitung durch Google k\u00f6nnen Sie&nbsp;<\/span>\n                      <a href=\"http:\/\/www.google.com\/privacypolicy.html\" rel=\"noopener\" target=\"_blank\" style=\"color: rgb(6, 6, 6); font-weight: 300; font-family: &quot;Open Sans&quot;; font-size: 103%;\" class=\"customize-unpreviewable\">den Google-Datenschutzhinweisen<\/a><span style=\"color: rgb(6, 6, 6); font-weight: 300;\">&nbsp;entnehmen. Dort k\u00f6nnen Sie im Datenschutzcenter auch Ihre pers\u00f6nlichen Datenschutz-Einstellungen ver\u00e4ndern.<\/span><\/p>\n                    <p><span style=\"color: rgb(6, 6, 6); font-size: 101%; font-weight: 300;\">Ausf\u00fchrliche Anleitungen zur Verwaltung der eigenen Daten im Zusammenhang mit Google-Produkten<\/span>\n                      <a href=\"http:\/\/www.dataliberation.org\" rel=\"noopener\" target=\"_blank\" style=\"color: rgb(6, 6, 6); font-size: 101%; font-weight: 300; font-family: &quot;Open Sans&quot;;\" class=\"customize-unpreviewable\">&nbsp;finden Sie hier<\/a><span style=\"color: rgb(6, 6, 6); font-size: 101%; font-weight: 300;\">.<\/span><\/p>\n                    <h2><strong style=\"font-size: 62%; font-weight: 300; color: rgb(8, 8, 8); font-family: &quot;Open Sans&quot;;\">\u00c4nderung unserer Datenschutzbestimmungen<\/strong><\/h2>\n                    <p><span style=\"color: rgb(7, 7, 7); font-weight: 300;\">Wir behalten uns vor, diese Datenschutzerkl\u00e4rung anzupassen, damit sie stets den aktuellen rechtlichen Anforderungen entspricht oder um \u00c4nderungen unserer Leistungen in der Datenschutzerkl\u00e4rung umzusetzen, z.B. bei der Einf\u00fchrung neuer Services. F\u00fcr Ihren erneuten Besuch gilt dann die neue Datenschutzerkl\u00e4rung.<\/span><\/p>\n                    <h2><strong style=\"font-size: 62%; color: rgb(7, 7, 7); font-weight: 300; font-family: &quot;Open Sans&quot;;\">Fragen an den Datenschutzbeauftragten<\/strong><\/h2>\n                    <p><span style=\"color: rgb(11, 11, 11); font-size: 157%; font-weight: 300;\">Wenn Sie Fragen zum Datenschutz haben, schreiben Sie uns bitte eine E-Mail oder wenden Sie sich direkt an die f\u00fcr den Datenschutz verantwortliche Person in unserem Unternehmen: Gesch\u00e4ftsf\u00fchrer: Matthias Waanders, Waanders GmbH, Wikingerstr. 48, 51107 k\u00f6ln&nbsp;<\/span>\n                      <a\n                        href=\"mailto:info@rw-garten.de\" style=\"color: rgb(11, 11, 11); font-size: 157%; font-weight: 300; font-family: &quot;Open Sans&quot;;\">info@waanders-garten.de<\/a>\n                    <\/p>\n                    <p><em style=\"color: rgb(11, 11, 11); font-size: 98%; font-weight: 300;\">Die Datenschutzerkl\u00e4rung wurde mit dem&nbsp;<\/em>\n                      <a href=\"https:\/\/www.activemind.de\/datenschutz\/datenschutzhinweis-generator\" rel=\"noopener\" target=\"_blank\" style=\"color: rgb(11, 11, 11); font-size: 98%; font-weight: 300; font-family: &quot;Open Sans&quot;;\" class=\"customize-unpreviewable\"><em>Datenschutzerkl\u00e4rungs-Generator der activeMind AG erstellt<\/em><\/a><em style=\"color: rgb(11, 11, 11); font-size: 98%; font-weight: 300;\">.<\/em><\/p>\n                    <p>\n                      <br>\n                    <\/p>\n                    <p>\n                      <br>\n                    <\/p>\n                  <\/div>\n                <\/div>\n              <\/div>\n            <\/div>\n          <\/div>\n        <\/div>\n      <\/div>\n    <\/div>\n  <\/div>\n<\/div>","protected":false},"excerpt":{"rendered":"<p>Datenschutzerkl\u00e4rung Verantwortliche Stelle im Sinne der Datenschutzgesetze, insbesondere der EU-Datenschutzgrundverordnung (DSGVO), ist: Name des Unternehmens:Waanders GmbH, Meisterbetrieb G\u00e4rten und Naturpools,Wikingerstr. 48, 51107 K\u00f6lnFon 0221 \/ 86 62 97, Fax 0221 \/ 86 49 49Matthias Waanders Mobil 0170 \/ 7302 551info[at]waanders-garten.de, www.waanders-garten.de Ihre Betroffenenrechte Unter den angegebenen Kontaktdaten unseres Datenschutzbeauftragten k\u00f6nnen Sie jederzeit folgende Rechte aus\u00fcben: [&hellip;]<\/p>\n","protected":false},"author":1,"featured_media":0,"parent":0,"menu_order":0,"comment_status":"closed","ping_status":"closed","template":"page-templates\/full-width-page.php","meta":{"footnotes":""},"class_list":["post-1379","page","type-page","status-publish","hentry"],"_links":{"self":[{"href":"https:\/\/waanders-garten.de\/index.php\/wp-json\/wp\/v2\/pages\/1379","targetHints":{"allow":["GET"]}}],"collection":[{"href":"https:\/\/waanders-garten.de\/index.php\/wp-json\/wp\/v2\/pages"}],"about":[{"href":"https:\/\/waanders-garten.de\/index.php\/wp-json\/wp\/v2\/types\/page"}],"author":[{"embeddable":true,"href":"https:\/\/waanders-garten.de\/index.php\/wp-json\/wp\/v2\/users\/1"}],"replies":[{"embeddable":true,"href":"https:\/\/waanders-garten.de\/index.php\/wp-json\/wp\/v2\/comments?post=1379"}],"version-history":[{"count":8,"href":"https:\/\/waanders-garten.de\/index.php\/wp-json\/wp\/v2\/pages\/1379\/revisions"}],"predecessor-version":[{"id":2076,"href":"https:\/\/waanders-garten.de\/index.php\/wp-json\/wp\/v2\/pages\/1379\/revisions\/2076"}],"wp:attachment":[{"href":"https:\/\/waanders-garten.de\/index.php\/wp-json\/wp\/v2\/media?parent=1379"}],"curies":[{"name":"wp","href":"https:\/\/api.w.org\/{rel}","templated":true}]}}