{"id":641,"date":"2021-02-23T09:49:33","date_gmt":"2021-02-23T09:49:33","guid":{"rendered":"https:\/\/waanders-garten.de\/?page_id=641"},"modified":"2022-10-17T13:44:24","modified_gmt":"2022-10-17T13:44:24","slug":"impressionen","status":"publish","type":"page","link":"https:\/\/waanders-garten.de\/index.php\/colibri-wp\/impressionen\/","title":{"rendered":"Impressionen"},"content":{"rendered":"<div data-colibri-id=\"641-c1\" class=\"style-191 style-local-641-c1 position-relative\">\n  <!---->\n  <div data-colibri-component=\"section\" data-colibri-id=\"641-c2\" id=\"custom\" class=\"h-section h-section-global-spacing d-flex align-items-lg-center align-items-md-center align-items-center style-404 style-local-641-c2 position-relative\">\n    <!---->\n    <!---->\n    <div class=\"h-section-grid-container h-section-boxed-container\">\n      <!---->\n      <div data-colibri-id=\"641-c3\" class=\"h-row-container gutters-row-lg-3 gutters-row-md-3 gutters-row-0 gutters-row-v-lg-3 gutters-row-v-md-3 gutters-row-v-3 style-405 style-local-641-c3 position-relative\">\n        <!---->\n        <div class=\"h-row justify-content-lg-center justify-content-md-center justify-content-center align-items-lg-center align-items-md-center align-items-center gutters-col-lg-3 gutters-col-md-3 gutters-col-0 gutters-col-v-lg-3 gutters-col-v-md-3 gutters-col-v-3\">\n          <!---->\n          <div class=\"h-column h-column-container d-flex h-col-lg-12 h-col-md-12 h-col-12 align-self-lg-center align-self-md-center align-self-center style-406-outer style-local-641-c4-outer\">\n            <div data-colibri-id=\"641-c4\" class=\"d-flex h-flex-basis h-column__inner h-px-lg-2 h-px-md-2 h-px-2 v-inner-lg-2 v-inner-md-2 v-inner-2 style-406 style-local-641-c4 position-relative\">\n              <!---->\n              <!---->\n              <div class=\"w-100 h-y-container h-column__content h-column__v-align flex-basis-100 align-self-lg-start align-self-md-start align-self-start\">\n                <!---->\n                <div data-colibri-id=\"641-c5\" class=\"style-407 style-local-641-c5 position-relative h-element\">\n                  <!---->\n                  <div class=\"\"><div id=\"metaslider-id-767\" style=\"width: 100%;\" class=\"ml-slider-3-108-0 ml-slider-pro-2-18-2 metaslider metaslider-flex metaslider-767 ml-slider .metaslider has-dots-nav effect2 ms-theme-_theme_1613732620\" role=\"region\" aria-label=\"Impressionen Waanders\" data-height=\"470\" data-width=\"1187\">\n    <div id=\"metaslider_container_767\">\n        <div id=\"metaslider_767\">\n            <ul class='slides'>\n                <li style=\"display: block; width: 100%;\" class=\"slide-768 ms-image \" aria-roledescription=\"slide\" data-date=\"2021-02-24 11:26:45\" data-filename=\"meditation-startbild-1187x470.jpg\" data-slide-type=\"image\"><img loading=\"lazy\" decoding=\"async\" src=\"https:\/\/waanders-garten.de\/wp-content\/uploads\/2021\/02\/meditation-startbild-1187x470.jpg\" height=\"470\" width=\"1187\" alt=\"\" class=\"slider-767 slide-768 msDefaultImage\" title=\"meditation-startbild\" \/><div class=\"caption-wrap\"><div class=\"caption\">M E D I T A T I O N<\/div><\/div><\/li>\n                <li style=\"display: none; width: 100%;\" class=\"slide-769 ms-image \" aria-roledescription=\"slide\" data-date=\"2021-02-24 11:26:45\" data-filename=\"liegewiese-startbild-1187x470.jpg\" data-slide-type=\"image\"><img loading=\"lazy\" decoding=\"async\" src=\"https:\/\/waanders-garten.de\/wp-content\/uploads\/2021\/02\/liegewiese-startbild-1187x470.jpg\" height=\"470\" width=\"1187\" alt=\"\" class=\"slider-767 slide-769 msDefaultImage\" title=\"liegewiese-startbild\" \/><div class=\"caption-wrap\"><div class=\"caption\">L I E G E W I E S E<\/div><\/div><\/li>\n                <li style=\"display: none; width: 100%;\" class=\"slide-770 ms-image \" aria-roledescription=\"slide\" data-date=\"2021-02-24 11:26:45\" data-filename=\"abschirmdienst-startbild-1187x470.jpg\" data-slide-type=\"image\"><img loading=\"lazy\" decoding=\"async\" src=\"https:\/\/waanders-garten.de\/wp-content\/uploads\/2021\/02\/abschirmdienst-startbild-1187x470.jpg\" height=\"470\" width=\"1187\" alt=\"\" class=\"slider-767 slide-770 msDefaultImage\" title=\"abschirmdienst-startbild\" \/><div class=\"caption-wrap\"><div class=\"caption\">A B S C H I R M D I E N S T<\/div><\/div><\/li>\n                <li style=\"display: none; width: 100%;\" class=\"slide-771 ms-image \" aria-roledescription=\"slide\" data-date=\"2021-02-24 11:26:45\" data-filename=\"laufzone-startbild-1187x470.jpg\" data-slide-type=\"image\"><img loading=\"lazy\" decoding=\"async\" src=\"https:\/\/waanders-garten.de\/wp-content\/uploads\/2021\/02\/laufzone-startbild-1187x470.jpg\" height=\"470\" width=\"1187\" alt=\"\" class=\"slider-767 slide-771 msDefaultImage\" title=\"laufzone-startbild\" \/><div class=\"caption-wrap\"><div class=\"caption\">L A U F Z O N E<\/div><\/div><\/li>\n                <li style=\"display: none; width: 100%;\" class=\"slide-772 ms-image \" aria-roledescription=\"slide\" data-date=\"2021-02-24 11:26:45\" data-filename=\"blickdicht-startbild-1187x470.jpg\" data-slide-type=\"image\"><img loading=\"lazy\" decoding=\"async\" src=\"https:\/\/waanders-garten.de\/wp-content\/uploads\/2021\/02\/blickdicht-startbild-1187x470.jpg\" height=\"470\" width=\"1187\" alt=\"\" class=\"slider-767 slide-772 msDefaultImage\" title=\"blickdicht-startbild\" \/><div class=\"caption-wrap\"><div class=\"caption\">B L I C K D I C H T<\/div><\/div><\/li>\n                <li style=\"display: none; width: 100%;\" class=\"slide-773 ms-image \" aria-roledescription=\"slide\" data-date=\"2021-02-24 11:26:45\" data-filename=\"aussichtspunkt-startbild-1-1187x470.jpg\" data-slide-type=\"image\"><img loading=\"lazy\" decoding=\"async\" src=\"https:\/\/waanders-garten.de\/wp-content\/uploads\/2021\/02\/aussichtspunkt-startbild-1-1187x470.jpg\" height=\"470\" width=\"1187\" alt=\"\" class=\"slider-767 slide-773 msDefaultImage\" title=\"aussichtspunkt-startbild\" \/><div class=\"caption-wrap\"><div class=\"caption\">A U S S I C H T S P U N K T<\/div><\/div><\/li>\n                <li style=\"display: none; width: 100%;\" class=\"slide-774 ms-image \" aria-roledescription=\"slide\" data-date=\"2021-02-24 11:26:45\" data-filename=\"feuchtgebiete-startbild-1187x470.jpg\" data-slide-type=\"image\"><img loading=\"lazy\" decoding=\"async\" src=\"https:\/\/waanders-garten.de\/wp-content\/uploads\/2021\/02\/feuchtgebiete-startbild-1187x470.jpg\" height=\"470\" width=\"1187\" alt=\"\" class=\"slider-767 slide-774 msDefaultImage\" title=\"feuchtgebiete-startbild\" \/><div class=\"caption-wrap\"><div class=\"caption\">F E U C H T G E B I E T E<\/div><\/div><\/li>\n            <\/ul>\n        <\/div>\n        \n    <\/div>\n<\/div><\/div>\n                <\/div>\n              <\/div>\n            <\/div>\n          <\/div>\n        <\/div>\n      <\/div>\n    <\/div>\n  <\/div>\n  <div data-colibri-component=\"section\" data-colibri-id=\"641-c6\" id=\"custom-2\" class=\"h-section h-section-global-spacing d-flex align-items-lg-center align-items-md-center align-items-center style-431 style-local-641-c6 position-relative\">\n    <!---->\n    <!---->\n    <div class=\"h-section-grid-container h-section-boxed-container\">\n      <!---->\n      <div data-colibri-id=\"641-c7\" class=\"h-row-container gutters-row-lg-2 gutters-row-md-2 gutters-row-0 gutters-row-v-lg-2 gutters-row-v-md-2 gutters-row-v-2 style-434 style-local-641-c7 position-relative\">\n        <!---->\n        <div class=\"h-row justify-content-lg-center justify-content-md-center justify-content-center align-items-lg-stretch align-items-md-stretch align-items-stretch gutters-col-lg-2 gutters-col-md-2 gutters-col-0 gutters-col-v-lg-2 gutters-col-v-md-2 gutters-col-v-2\">\n          <!---->\n          <div class=\"h-column h-column-container d-flex h-col-lg-12 h-col-md-12 h-col-12 style-435-outer style-local-641-c8-outer\">\n            <div data-colibri-id=\"641-c8\" class=\"d-flex h-flex-basis h-column__inner h-px-lg-2 h-px-md-2 h-px-2 v-inner-lg-2 v-inner-md-2 v-inner-2 style-435 style-local-641-c8 position-relative\">\n              <!---->\n              <!---->\n              <div class=\"w-100 h-y-container h-column__content h-column__v-align flex-basis-100 align-self-lg-start align-self-md-start align-self-start\">\n                <!---->\n                <div data-colibri-id=\"641-c9\" class=\"h-text h-text-component style-436 style-local-641-c9 position-relative h-element\">\n                  <!---->\n                  <!---->\n                  <div class=\"\">\n                    <h2><span style=\"font-size: 23pt; font-family: &quot;Open Sans&quot;; color: black; font-weight: 300;\">Lass Dich verzaubern,<br>vielleicht von einer neuen Idee.<\/span><\/h2>\n                    <h3><span style=\"font-size: 18pt; font-family: &quot;Open Sans&quot;; color: black;\">Das hast Du immer schon gewollt.<br>Endlich jemand, der Dir zeigt, wie es sein k\u00f6nnte. Eine sch\u00f6ne gro\u00dfe Terrasse, nur wenige Meter, um nach dem Fr\u00fchst\u00fcck eine Runde im Naturteich zu schwimmen. Der Holzzaun, der endlich zum Stil des Hauses passt. Eine Bepflanzung, die den Sommer lang immer etwas Bl\u00fchendes hat, aber auch im Winter gr\u00fcn ist. Treppenstufen, die sich harmonisch in das Gesamtbild einf\u00fcgen und auch bei N\u00e4sse nicht rutschig werden. Das entspricht genau Deiner Vorstellung; Du siehst es praktisch vor Dir und tats\u00e4chlich ist es schon ganz nah.<\/span>\n                      <span\n                        style=\"font-size: 18pt; font-family: &quot;Abadi Extra Light&quot;; color: rgb(68, 114, 196);\"> <\/span>\n                        <a href=\"http:\/\/wp13792232.server-he.de\/kontakt\" style=\"font-size: 18pt; font-family: &quot;Open Sans&quot;; color: rgb(68, 114, 196);\">\n                          <br>\n                        <\/a>\n                        <a href=\"http:\/\/wp13792232.server-he.de\/index.php\/kontakt\" style=\"font-size: 18pt; font-family: &quot;Open Sans&quot;; color: rgb(68, 114, 196); font-weight: 300;\">Sprich uns an, wir freuen uns!<\/a>\n                    <\/h3>\n                    <p>\n                      <br>\n                    <\/p>\n                  <\/div>\n                <\/div>\n              <\/div>\n            <\/div>\n          <\/div>\n        <\/div>\n      <\/div>\n    <\/div>\n  <\/div>\n<\/div>","protected":false},"excerpt":{"rendered":"<p>Lass Dich verzaubern,vielleicht von einer neuen Idee. Das hast Du immer schon gewollt.Endlich jemand, der Dir zeigt, wie es sein k\u00f6nnte. Eine sch\u00f6ne gro\u00dfe Terrasse, nur wenige Meter, um nach dem Fr\u00fchst\u00fcck eine Runde im Naturteich zu schwimmen. Der Holzzaun, der endlich zum Stil des Hauses passt. Eine Bepflanzung, die den Sommer lang immer etwas [&hellip;]<\/p>\n","protected":false},"author":1,"featured_media":0,"parent":162,"menu_order":0,"comment_status":"closed","ping_status":"closed","template":"page-templates\/full-width-page.php","meta":{"footnotes":""},"class_list":["post-641","page","type-page","status-publish","hentry"],"_links":{"self":[{"href":"https:\/\/waanders-garten.de\/index.php\/wp-json\/wp\/v2\/pages\/641","targetHints":{"allow":["GET"]}}],"collection":[{"href":"https:\/\/waanders-garten.de\/index.php\/wp-json\/wp\/v2\/pages"}],"about":[{"href":"https:\/\/waanders-garten.de\/index.php\/wp-json\/wp\/v2\/types\/page"}],"author":[{"embeddable":true,"href":"https:\/\/waanders-garten.de\/index.php\/wp-json\/wp\/v2\/users\/1"}],"replies":[{"embeddable":true,"href":"https:\/\/waanders-garten.de\/index.php\/wp-json\/wp\/v2\/comments?post=641"}],"version-history":[{"count":20,"href":"https:\/\/waanders-garten.de\/index.php\/wp-json\/wp\/v2\/pages\/641\/revisions"}],"predecessor-version":[{"id":2345,"href":"https:\/\/waanders-garten.de\/index.php\/wp-json\/wp\/v2\/pages\/641\/revisions\/2345"}],"up":[{"embeddable":true,"href":"https:\/\/waanders-garten.de\/index.php\/wp-json\/wp\/v2\/pages\/162"}],"wp:attachment":[{"href":"https:\/\/waanders-garten.de\/index.php\/wp-json\/wp\/v2\/media?parent=641"}],"curies":[{"name":"wp","href":"https:\/\/api.w.org\/{rel}","templated":true}]}}