{"id":974,"date":"2021-02-25T10:53:19","date_gmt":"2021-02-25T10:53:19","guid":{"rendered":"https:\/\/waanders-garten.de\/?page_id=974"},"modified":"2021-03-18T11:59:05","modified_gmt":"2021-03-18T11:59:05","slug":"naturpools","status":"publish","type":"page","link":"https:\/\/waanders-garten.de\/index.php\/naturpools\/","title":{"rendered":"Naturpools"},"content":{"rendered":"<div data-colibri-id=\"974-c1\" class=\"style-456 style-local-974-c1 position-relative\">\n  <!---->\n  <div data-colibri-component=\"section\" data-colibri-id=\"974-c2\" id=\"custom\" class=\"h-section h-section-global-spacing d-flex align-items-lg-center align-items-md-center align-items-center style-457 style-local-974-c2 position-relative\">\n    <!---->\n    <!---->\n    <div class=\"h-section-grid-container h-section-boxed-container\">\n      <!---->\n      <div data-colibri-id=\"974-c3\" class=\"h-row-container gutters-row-lg-3 gutters-row-md-3 gutters-row-0 gutters-row-v-lg-3 gutters-row-v-md-3 gutters-row-v-3 style-458 style-local-974-c3 position-relative\">\n        <!---->\n        <div class=\"h-row justify-content-lg-center justify-content-md-center justify-content-center align-items-lg-center align-items-md-center align-items-center gutters-col-lg-3 gutters-col-md-3 gutters-col-0 gutters-col-v-lg-3 gutters-col-v-md-3 gutters-col-v-3\">\n          <!---->\n          <div class=\"h-column h-column-container d-flex h-col-lg-12 h-col-md-12 h-col-12 align-self-lg-center align-self-md-center align-self-center style-459-outer style-local-974-c4-outer\">\n            <div data-colibri-id=\"974-c4\" class=\"d-flex h-flex-basis h-column__inner h-px-lg-2 h-px-md-2 h-px-2 v-inner-lg-2 v-inner-md-2 v-inner-2 style-459 style-local-974-c4 position-relative\">\n              <!---->\n              <!---->\n              <div class=\"w-100 h-y-container h-column__content h-column__v-align flex-basis-100 align-self-lg-start align-self-md-start align-self-start\">\n                <!---->\n                <div data-colibri-id=\"974-c5\" class=\"style-460 style-local-974-c5 position-relative h-element\">\n                  <!---->\n                  <div class=\"\"><div id=\"metaslider-id-996\" style=\"width: 100%;\" class=\"ml-slider-3-108-0 ml-slider-pro-2-18-2 metaslider metaslider-flex metaslider-996 ml-slider .metaslider effect2 ms-theme-_theme_1613732620 nav-hidden\" role=\"region\" aria-label=\"Naturpool Waanders\" data-height=\"470\" data-width=\"1187\">\n    <div id=\"metaslider_container_996\">\n        <div id=\"metaslider_996\">\n            <ul class='slides'>\n                <li style=\"display: block; width: 100%;\" class=\"slide-997 ms-image \" aria-roledescription=\"slide\" data-date=\"2021-02-25 11:31:26\" data-filename=\"naturpools-startbild-1187x470.jpg\" data-slide-type=\"image\"><img loading=\"lazy\" decoding=\"async\" src=\"https:\/\/waanders-garten.de\/wp-content\/uploads\/2021\/02\/naturpools-startbild-1187x470.jpg\" height=\"470\" width=\"1187\" alt=\"\" class=\"slider-996 slide-997 msDefaultImage\" title=\"naturpools-startbild\" \/><div class=\"caption-wrap\"><div class=\"caption\">N A T U R P O O L<\/div><\/div><\/li>\n            <\/ul>\n        <\/div>\n        \n    <\/div>\n<\/div><\/div>\n                <\/div>\n              <\/div>\n            <\/div>\n          <\/div>\n        <\/div>\n      <\/div>\n    <\/div>\n  <\/div>\n  <div data-colibri-component=\"section\" data-colibri-id=\"974-c6\" id=\"custom-2\" class=\"h-section h-section-global-spacing d-flex align-items-lg-center align-items-md-center align-items-center style-461 style-local-974-c6 position-relative\">\n    <!---->\n    <!---->\n    <div class=\"h-section-grid-container h-section-boxed-container\">\n      <!---->\n      <div data-colibri-id=\"974-c7\" class=\"h-row-container gutters-row-lg-2 gutters-row-md-2 gutters-row-0 gutters-row-v-lg-2 gutters-row-v-md-2 gutters-row-v-2 style-462 style-local-974-c7 position-relative\">\n        <!---->\n        <div class=\"h-row justify-content-lg-center justify-content-md-center justify-content-center align-items-lg-stretch align-items-md-stretch align-items-stretch gutters-col-lg-2 gutters-col-md-2 gutters-col-0 gutters-col-v-lg-2 gutters-col-v-md-2 gutters-col-v-2\">\n          <!---->\n          <div class=\"h-column h-column-container d-flex h-col-lg-12 h-col-md-12 h-col-12 style-463-outer style-local-974-c8-outer\">\n            <div data-colibri-id=\"974-c8\" class=\"d-flex h-flex-basis h-column__inner h-px-lg-2 h-px-md-2 h-px-2 v-inner-lg-2 v-inner-md-2 v-inner-2 style-463 style-local-974-c8 position-relative\">\n              <!---->\n              <!---->\n              <div class=\"w-100 h-y-container h-column__content h-column__v-align flex-basis-100 align-self-lg-start align-self-md-start align-self-start\">\n                <!---->\n                <div data-colibri-id=\"974-c9\" class=\"h-text h-text-component style-464 style-local-974-c9 position-relative h-element\">\n                  <!---->\n                  <!---->\n                  <div class=\"\">\n                    <h2><span style=\"font-size: 23pt; font-family: &quot;Open Sans&quot;; color: black;\">Unsere Leistungen; unser Service &#8211; <br>wir wollen, dass Du lange zufrieden bleibst.<\/span><\/h2>\n                    <h3><span style=\"font-size: 18pt; font-family: &quot;Open Sans&quot;; color: black;\">Wir sind ein erfahrener und anerkannter Fachbetrieb f\u00fcr den Bau und f\u00fcr die Einrichtung von <\/span><span style=\"font-size: 18pt; font-family: &quot;Open Sans&quot;; color: rgb(68, 114, 196);\">Naturpools, Schwimmteichen <\/span>\n                      <span\n                        style=\"font-size: 18pt; font-family: &quot;Open Sans&quot;; color: rgb(64, 64, 64);\">und <\/span><span style=\"font-size: 18pt; font-family: &quot;Open Sans&quot;; color: rgb(68, 114, 196);\">Teichen<\/span><span style=\"font-size: 18pt; font-family: &quot;Open Sans&quot;; color: black;\">. Das gute Gef\u00fchl, wenn Du \u00fcber die Wasseroberfl\u00e4che schaust mit der Gewissheit, dass alles so ist, wie Du es Dir vorgestellt hast, ist unser Antrieb.&nbsp;H\u00f6chste Qualit\u00e4tsma\u00dfst\u00e4be, eine professionelle Planung und Ausf\u00fchrung und eine gezielte Unterst\u00fctzung bei der Pflege Deines wertvollen Objektes sind unsere Werkzeuge. Wir wollen, dass Du dich wohlf\u00fchlst und haben gemeinsam mit Dir erst dann ein gutes Gef\u00fchl, wenn wirklich alles passt.&nbsp;Nur dann, geben wir uns zufrieden. Worauf wartest Du noch? &#8211;&nbsp;<\/span>\n                        <a\n                          href=\"https:\/\/waanders-garten.de\/index.php\/kontakt\" style=\"font-size: 18pt; font-family: &quot;Open Sans&quot;; color: rgb(68, 114, 196);\">Sprich uns an, wir freuen uns!<\/a>\n                    <\/h3>\n                    <p>\n                      <br>\n                    <\/p>\n                  <\/div>\n                <\/div>\n              <\/div>\n            <\/div>\n          <\/div>\n        <\/div>\n      <\/div>\n    <\/div>\n  <\/div>\n<\/div>","protected":false},"excerpt":{"rendered":"<p>Unsere Leistungen; unser Service &#8211; wir wollen, dass Du lange zufrieden bleibst. Wir sind ein erfahrener und anerkannter Fachbetrieb f\u00fcr den Bau und f\u00fcr die Einrichtung von Naturpools, Schwimmteichen und Teichen. Das gute Gef\u00fchl, wenn Du \u00fcber die Wasseroberfl\u00e4che schaust mit der Gewissheit, dass alles so ist, wie Du es Dir vorgestellt hast, ist unser [&hellip;]<\/p>\n","protected":false},"author":1,"featured_media":0,"parent":0,"menu_order":0,"comment_status":"closed","ping_status":"closed","template":"page-templates\/full-width-page.php","meta":{"footnotes":""},"class_list":["post-974","page","type-page","status-publish","hentry"],"_links":{"self":[{"href":"https:\/\/waanders-garten.de\/index.php\/wp-json\/wp\/v2\/pages\/974","targetHints":{"allow":["GET"]}}],"collection":[{"href":"https:\/\/waanders-garten.de\/index.php\/wp-json\/wp\/v2\/pages"}],"about":[{"href":"https:\/\/waanders-garten.de\/index.php\/wp-json\/wp\/v2\/types\/page"}],"author":[{"embeddable":true,"href":"https:\/\/waanders-garten.de\/index.php\/wp-json\/wp\/v2\/users\/1"}],"replies":[{"embeddable":true,"href":"https:\/\/waanders-garten.de\/index.php\/wp-json\/wp\/v2\/comments?post=974"}],"version-history":[{"count":15,"href":"https:\/\/waanders-garten.de\/index.php\/wp-json\/wp\/v2\/pages\/974\/revisions"}],"predecessor-version":[{"id":2068,"href":"https:\/\/waanders-garten.de\/index.php\/wp-json\/wp\/v2\/pages\/974\/revisions\/2068"}],"wp:attachment":[{"href":"https:\/\/waanders-garten.de\/index.php\/wp-json\/wp\/v2\/media?parent=974"}],"curies":[{"name":"wp","href":"https:\/\/api.w.org\/{rel}","templated":true}]}}