{"id":981,"date":"2021-02-25T11:01:07","date_gmt":"2021-02-25T11:01:07","guid":{"rendered":"https:\/\/waanders-garten.de\/?page_id=981"},"modified":"2021-03-15T15:38:03","modified_gmt":"2021-03-15T15:38:03","slug":"stein-holz","status":"publish","type":"page","link":"https:\/\/waanders-garten.de\/index.php\/stein-holz\/","title":{"rendered":"Stein &#038; Holz"},"content":{"rendered":"<div data-colibri-id=\"981-c1\" class=\"style-494 style-local-981-c1 position-relative\">\n  <!---->\n  <div data-colibri-component=\"section\" data-colibri-id=\"981-c2\" id=\"custom\" class=\"h-section h-section-global-spacing d-flex align-items-lg-center align-items-md-center align-items-center style-495 style-local-981-c2 position-relative\">\n    <!---->\n    <!---->\n    <div class=\"h-section-grid-container h-section-boxed-container\">\n      <!---->\n      <div data-colibri-id=\"981-c3\" class=\"h-row-container gutters-row-lg-3 gutters-row-md-3 gutters-row-0 gutters-row-v-lg-3 gutters-row-v-md-3 gutters-row-v-3 style-496 style-local-981-c3 position-relative\">\n        <!---->\n        <div class=\"h-row justify-content-lg-center justify-content-md-center justify-content-center align-items-lg-center align-items-md-center align-items-center gutters-col-lg-3 gutters-col-md-3 gutters-col-0 gutters-col-v-lg-3 gutters-col-v-md-3 gutters-col-v-3\">\n          <!---->\n          <div class=\"h-column h-column-container d-flex h-col-lg-12 h-col-md-12 h-col-12 align-self-lg-center align-self-md-center align-self-center style-497-outer style-local-981-c4-outer\">\n            <div data-colibri-id=\"981-c4\" class=\"d-flex h-flex-basis h-column__inner h-px-lg-2 h-px-md-2 h-px-2 v-inner-lg-2 v-inner-md-2 v-inner-2 style-497 style-local-981-c4 position-relative\">\n              <!---->\n              <!---->\n              <div class=\"w-100 h-y-container h-column__content h-column__v-align flex-basis-100 align-self-lg-start align-self-md-start align-self-start\">\n                <!---->\n                <div data-colibri-id=\"981-c5\" class=\"style-498 style-local-981-c5 position-relative h-element\">\n                  <!---->\n                  <div class=\"\"><div id=\"metaslider-id-989\" style=\"width: 100%;\" class=\"ml-slider-3-108-0 ml-slider-pro-2-18-2 metaslider metaslider-flex metaslider-989 ml-slider .metaslider effect2 ms-theme-_theme_1613732620 nav-hidden\" role=\"region\" aria-label=\"Stein &amp; Holz Waanders\" data-height=\"470\" data-width=\"1187\">\n    <div id=\"metaslider_container_989\">\n        <div id=\"metaslider_989\">\n            <ul class='slides'>\n                <li style=\"display: block; width: 100%;\" class=\"slide-990 ms-image \" aria-roledescription=\"slide\" data-date=\"2021-02-25 11:09:06\" data-filename=\"steinholz-startbild-1-1187x470.jpg\" data-slide-type=\"image\"><img loading=\"lazy\" decoding=\"async\" src=\"https:\/\/waanders-garten.de\/wp-content\/uploads\/2021\/02\/steinholz-startbild-1-1187x470.jpg\" height=\"470\" width=\"1187\" alt=\"\" class=\"slider-989 slide-990 msDefaultImage\" title=\"steinholz-startbild\" \/><div class=\"caption-wrap\"><div class=\"caption\">S T E I N &amp; H O L Z<\/div><\/div><\/li>\n            <\/ul>\n        <\/div>\n        \n    <\/div>\n<\/div><\/div>\n                <\/div>\n              <\/div>\n            <\/div>\n          <\/div>\n        <\/div>\n      <\/div>\n    <\/div>\n  <\/div>\n  <div data-colibri-component=\"section\" data-colibri-id=\"981-c6\" id=\"custom-2\" class=\"h-section h-section-global-spacing d-flex align-items-lg-center align-items-md-center align-items-center style-499 style-local-981-c6 position-relative\">\n    <!---->\n    <!---->\n    <div class=\"h-section-grid-container h-section-boxed-container\">\n      <!---->\n      <div data-colibri-id=\"981-c7\" class=\"h-row-container gutters-row-lg-2 gutters-row-md-2 gutters-row-0 gutters-row-v-lg-2 gutters-row-v-md-2 gutters-row-v-2 style-500 style-local-981-c7 position-relative\">\n        <!---->\n        <div class=\"h-row justify-content-lg-center justify-content-md-center justify-content-center align-items-lg-stretch align-items-md-stretch align-items-stretch gutters-col-lg-2 gutters-col-md-2 gutters-col-0 gutters-col-v-lg-2 gutters-col-v-md-2 gutters-col-v-2\">\n          <!---->\n          <div class=\"h-column h-column-container d-flex h-col-lg-12 h-col-md-12 h-col-12 style-501-outer style-local-981-c8-outer\">\n            <div data-colibri-id=\"981-c8\" class=\"d-flex h-flex-basis h-column__inner h-px-lg-2 h-px-md-2 h-px-2 v-inner-lg-2 v-inner-md-2 v-inner-2 style-501 style-local-981-c8 position-relative\">\n              <!---->\n              <!---->\n              <div class=\"w-100 h-y-container h-column__content h-column__v-align flex-basis-100 align-self-lg-start align-self-md-start align-self-start\">\n                <!---->\n                <div data-colibri-id=\"981-c9\" class=\"h-text h-text-component style-502 style-local-981-c9 position-relative h-element\">\n                  <!---->\n                  <!---->\n                  <div class=\"\">\n                    <h2><span style=\"color: black; font-family: &quot;Open Sans&quot;; font-size: 23pt;\">Unsere Leistungen; unser Service &#8211; <br>wir wollen, dass Du lange zufrieden bleibst.<\/span><\/h2>\n                    <h2><span style=\"color: rgb(64, 64, 64); font-family: &quot;Open Sans&quot;; font-size: 18pt; font-weight: 300;\">Materialien spielen bei der Gartengestaltung eine gro\u00dfe und oftmals tragende Rolle. H\u00e4ufig stellt sich die Frage, welcher Werkstoff geeigneter ist \u2013 <\/span>\n                      <span\n                        style=\"color: rgb(68, 114, 196); font-family: &quot;Open Sans&quot;; font-size: 18pt; font-weight: 300;\">Stein <\/span><span style=\"color: rgb(64, 64, 64); font-family: &quot;Open Sans&quot;; font-size: 18pt; font-weight: 300;\">oder<\/span><span style=\"color: rgb(68, 114, 196); font-family: &quot;Open Sans&quot;; font-size: 18pt; font-weight: 300;\"> Holz<\/span>\n                        <span\n                          style=\"color: rgb(64, 64, 64); font-family: &quot;Open Sans&quot;; font-size: 18pt; font-weight: 300;\">? Wir verlegen Natur- oder Betonsteine und Klinkermaterial im Wegebau oder f\u00fcr das Anlegen von Terrassen, Pl\u00e4tzen oder Treppen. Terrassenbel\u00e4ge, Gartenz\u00e4une, Pergolen oder Sichtschutzelemente aus Holz lassen sich wie selbstverst\u00e4ndlich\n                          bei der Gartengestaltung integrieren \u2013 genauso wie Naturstein \u2013 denn beide sind ein St\u00fcck Natur. Unsicher? Um Dir die Entscheidung f\u00fcr Holz oder Stein zu vereinfachen, teilen wir mit Dir unsere Expertise und geben Dir wertvolle\n                          Tipps und Empfehlungen, die Deine Bed\u00fcrfnisse sicher ber\u00fccksichtigen.<\/span><span style=\"color: black; font-family: &quot;Open Sans&quot;; font-size: 18pt;\"> <\/span>\n                          <a href=\"https:\/\/waanders-garten.de\/index.php\/kontakt\" style=\"color: rgb(68, 114, 196); font-family: &quot;Open Sans&quot;; font-size: 18pt;\">Sprich uns an, wir freuen uns!<\/a>\n                    <\/h2>\n                    <p>\n                      <br>\n                    <\/p>\n                  <\/div>\n                <\/div>\n              <\/div>\n            <\/div>\n          <\/div>\n        <\/div>\n      <\/div>\n    <\/div>\n  <\/div>\n<\/div>","protected":false},"excerpt":{"rendered":"<p>Unsere Leistungen; unser Service &#8211; wir wollen, dass Du lange zufrieden bleibst. Materialien spielen bei der Gartengestaltung eine gro\u00dfe und oftmals tragende Rolle. H\u00e4ufig stellt sich die Frage, welcher Werkstoff geeigneter ist \u2013 Stein oder Holz ? Wir verlegen Natur- oder Betonsteine und Klinkermaterial im Wegebau oder f\u00fcr das Anlegen von Terrassen, Pl\u00e4tzen oder Treppen. [&hellip;]<\/p>\n","protected":false},"author":1,"featured_media":0,"parent":0,"menu_order":0,"comment_status":"closed","ping_status":"closed","template":"page-templates\/full-width-page.php","meta":{"footnotes":""},"class_list":["post-981","page","type-page","status-publish","hentry"],"_links":{"self":[{"href":"https:\/\/waanders-garten.de\/index.php\/wp-json\/wp\/v2\/pages\/981","targetHints":{"allow":["GET"]}}],"collection":[{"href":"https:\/\/waanders-garten.de\/index.php\/wp-json\/wp\/v2\/pages"}],"about":[{"href":"https:\/\/waanders-garten.de\/index.php\/wp-json\/wp\/v2\/types\/page"}],"author":[{"embeddable":true,"href":"https:\/\/waanders-garten.de\/index.php\/wp-json\/wp\/v2\/users\/1"}],"replies":[{"embeddable":true,"href":"https:\/\/waanders-garten.de\/index.php\/wp-json\/wp\/v2\/comments?post=981"}],"version-history":[{"count":6,"href":"https:\/\/waanders-garten.de\/index.php\/wp-json\/wp\/v2\/pages\/981\/revisions"}],"predecessor-version":[{"id":1678,"href":"https:\/\/waanders-garten.de\/index.php\/wp-json\/wp\/v2\/pages\/981\/revisions\/1678"}],"wp:attachment":[{"href":"https:\/\/waanders-garten.de\/index.php\/wp-json\/wp\/v2\/media?parent=981"}],"curies":[{"name":"wp","href":"https:\/\/api.w.org\/{rel}","templated":true}]}}